{"id":2279,"date":"2018-05-16T18:17:42","date_gmt":"2018-05-16T18:17:42","guid":{"rendered":"https:\/\/gfseguin-13730204208.futehost.ca\/a-propos\/"},"modified":"2024-05-14T16:49:57","modified_gmt":"2024-05-14T20:49:57","slug":"about","status":"publish","type":"page","link":"https:\/\/www.gfseguin.ca\/en\/about\/","title":{"rendered":"About"},"content":{"rendered":"<div class=\"wpb-content-wrapper\">[mk_page_section bg_image=&#8221;https:\/\/www.gfseguin.ca\/wp-content\/uploads\/2024\/05\/seguin_background.jpg&#8221; bg_color=&#8221;#ffffff&#8221; bg_position=&#8221;center center&#8221; bg_repeat=&#8221;no-repeat&#8221; bg_stretch=&#8221;true&#8221; min_height=&#8221;0&#8243; full_width=&#8221;true&#8221; padding_top=&#8221;0&#8243; padding_bottom=&#8221;0&#8243; sidebar=&#8221;sidebar-1&#8243;][vc_column][vc_column_text css=&#8221;.vc_custom_1715719796051{margin-bottom: 0px !important;padding-top: 80px !important;padding-right: 50px !important;padding-bottom: 80px !important;padding-left: 50px !important;}&#8221;]\n<h2 style=\"text-align: right;\"><span style=\"color: #ffffff;\">Claude S\u00e9guin A.V.C.<\/span><br \/>\n<span style=\"color: #ffffff;\">GROUPE FINANCIER S\u00c9GUIN INC<\/span><br \/>\n<span style=\"color: #ffffff;\">YOUR ADVISOR<\/span><\/h2>\n<p style=\"text-align: right;\"><span style=\"color: #ffffff;\">Financial security advisor, insurance and group annuity advisor with Groupe Financier S\u00e9guin inc. and collective savings representative registered with Investia Services Financiers inc.<\/span><\/p>\n[\/vc_column_text][\/vc_column][\/mk_page_section][mk_page_section bg_color=&#8221;#ffffff&#8221; bg_position=&#8221;center center&#8221; bg_repeat=&#8221;no-repeat&#8221; bg_stretch=&#8221;true&#8221; min_height=&#8221;0&#8243; padding_top=&#8221;50&#8243; padding_bottom=&#8221;50&#8243; sidebar=&#8221;sidebar-1&#8243;][vc_column width=&#8221;1\/2&#8243;][vc_empty_space height=&#8221;50px&#8221;][vc_column_text css=&#8221;.vc_custom_1713213820559{margin-bottom: 0px !important;}&#8221;]\n<h2><strong>Your future, our commitment:<\/strong><br \/>\n<strong>Together every step of the way<\/strong><\/h2>\n<p>Founded in 1999 by Claude S\u00e9guin, the family-owned Groupe Financier S\u00e9guin remains true to its objective: to support its customers at every stage of their financial journey.<\/p>\n<p>The world of finance is constantly evolving, making it complex and constantly presenting new challenges. That&#8217;s why we believe in personalized support and a complete solution for your portfolio.<\/p>\n<p>The key to our success?<\/p>\n<p>Establishing a relationship of trust with our customers.<\/p>\n<p>We&#8217;re committed to offering solutions that truly reflect who you are. The Groupe Financier S\u00e9guin team is committed to listening carefully to your needs and ambitions in order to achieve your financial goals.<\/p>\n<p>Together, we&#8217;re banking on your future.<\/p>\n<p>In partnership with Financi\u00e8re Horizons.[\/vc_column_text][mk_button dimension=&#8221;flat&#8221; size=&#8221;large&#8221; url=&#8221;#contact&#8221; margin_bottom=&#8221;0&#8243; margin_right=&#8221;0&#8243; bg_color=&#8221;#0c55a5&#8243; btn_hover_bg=&#8221;#fbe108&#8243; btn_hover_txt_color=&#8221;#0c55a5&#8243;]Contact me[\/mk_button][\/vc_column][vc_column width=&#8221;1\/2&#8243;][vc_single_image image=&#8221;4209&#8243; img_size=&#8221;full&#8221;][\/vc_column][\/mk_page_section][mk_page_section bg_image=&#8221;https:\/\/www.gfseguin.ca\/wp-content\/uploads\/2018\/05\/groupe-financier-horizons-a-propos-parallax-1920&#215;1080-02.jpg&#8221; bg_position=&#8221;center center&#8221; bg_repeat=&#8221;no-repeat&#8221; bg_stretch=&#8221;true&#8221; enable_3d=&#8221;true&#8221; min_height=&#8221;0&#8243; padding_top=&#8221;0&#8243; padding_bottom=&#8221;0&#8243; sidebar=&#8221;sidebar-1&#8243;][vc_column width=&#8221;1\/2&#8243;][\/vc_column][vc_column width=&#8221;1\/2&#8243; css=&#8221;.vc_custom_1526570057559{padding-right: 2% !important;padding-left: 2% !important;background-color: rgba(255,255,255,0.85) !important;*background-color: rgb(255,255,255) !important;}&#8221;][vc_empty_space height=&#8221;75px&#8221;][vc_column_text css=&#8221;.vc_custom_1713213890970{margin-bottom: 0px !important;}&#8221;]\n<h2><strong>Meet the team<\/strong><\/h2>\n<p>Claude S\u00e9guin, founder and advisor in financial security, insurance and group annuities, is renowned for his attentive listening, personalized advice and human approach. With over 30 years&#8217; experience, he guides his clients towards a secure and serene financial future.<\/p>\n<p>Janie S\u00e9guin, a lawyer by training and a specialist in criminal law, has been contributing her expertise to our team for the past year. Passionate about problem-solving, she excels at finding creative solutions for our clients.<\/p>\n<p>David S\u00e9guin, trained in business management, joined us a year and a half ago. A natural communicator, he quickly establishes a bond with customers during his on-site visits, ensuring a warm, personalized experience from the very first contact.[\/vc_column_text][mk_button dimension=&#8221;flat&#8221; size=&#8221;large&#8221; url=&#8221;#contact&#8221; margin_bottom=&#8221;0&#8243; margin_right=&#8221;0&#8243; bg_color=&#8221;#0c55a5&#8243; btn_hover_bg=&#8221;#fbe108&#8243; btn_hover_txt_color=&#8221;#0c55a5&#8243;]Contact me[\/mk_button][vc_empty_space height=&#8221;75px&#8221;][\/vc_column][\/mk_page_section][mk_page_section bg_color=&#8221;#ffffff&#8221; bg_position=&#8221;center center&#8221; bg_repeat=&#8221;no-repeat&#8221; bg_stretch=&#8221;true&#8221; min_height=&#8221;0&#8243; padding_top=&#8221;0&#8243; padding_bottom=&#8221;0&#8243; section_id=&#8221;contact&#8221; sidebar=&#8221;sidebar-1&#8243;][vc_column width=&#8221;1\/4&#8243;][\/vc_column][vc_column width=&#8221;1\/2&#8243;][vc_empty_space height=&#8221;50px&#8221;][vc_column_text css=&#8221;.vc_custom_1583431749493{margin-bottom: 0px !important;}&#8221;]\n<div style=\"text-align: center;\">\n<h2>Send me a message<\/h2>\n\n<div class=\"wpcf7 no-js\" id=\"wpcf7-f2603-o1\" lang=\"fr-FR\" dir=\"ltr\">\n<div class=\"screen-reader-response\"><p role=\"status\" aria-live=\"polite\" aria-atomic=\"true\"><\/p> <ul><\/ul><\/div>\n<form action=\"\/en\/wp-json\/wp\/v2\/pages\/2279#wpcf7-f2603-o1\" method=\"post\" class=\"wpcf7-form init\" aria-label=\"Contact form\" novalidate=\"novalidate\" data-status=\"init\">\n<div style=\"display: none;\">\n<input type=\"hidden\" name=\"_wpcf7\" value=\"2603\" \/>\n<input type=\"hidden\" name=\"_wpcf7_version\" value=\"5.9.3\" \/>\n<input type=\"hidden\" name=\"_wpcf7_locale\" value=\"fr_FR\" \/>\n<input type=\"hidden\" name=\"_wpcf7_unit_tag\" value=\"wpcf7-f2603-o1\" \/>\n<input type=\"hidden\" name=\"_wpcf7_container_post\" value=\"0\" \/>\n<input type=\"hidden\" name=\"_wpcf7_posted_data_hash\" value=\"\" \/>\n<input type=\"hidden\" name=\"_wpcf7_recaptcha_response\" value=\"\" \/>\n<\/div>\n<p><label><span class=\"wpcf7-form-control-wrap\" data-name=\"nom\"><input size=\"40\" class=\"wpcf7-form-control wpcf7-text wpcf7-validates-as-required\" aria-required=\"true\" aria-invalid=\"false\" placeholder=\"Lastname*\" value=\"\" type=\"text\" name=\"nom\" \/><\/span><\/label>\n<\/p>\n<p><label><span class=\"wpcf7-form-control-wrap\" data-name=\"prenom\"><input size=\"40\" class=\"wpcf7-form-control wpcf7-text wpcf7-validates-as-required\" aria-required=\"true\" aria-invalid=\"false\" placeholder=\"Firstname*\" value=\"\" type=\"text\" name=\"prenom\" \/><\/span><\/label>\n<\/p>\n<p><label><span class=\"wpcf7-form-control-wrap\" data-name=\"telephone\"><input size=\"40\" class=\"wpcf7-form-control wpcf7-tel wpcf7-text wpcf7-validates-as-tel\" aria-invalid=\"false\" placeholder=\"Phone\" value=\"\" type=\"tel\" name=\"telephone\" \/><\/span><\/label>\n<\/p>\n<p><label><span class=\"wpcf7-form-control-wrap\" data-name=\"courriel\"><input size=\"40\" class=\"wpcf7-form-control wpcf7-email wpcf7-validates-as-required wpcf7-text wpcf7-validates-as-email\" aria-required=\"true\" aria-invalid=\"false\" placeholder=\"Email*\" value=\"\" type=\"email\" name=\"courriel\" \/><\/span><\/label>\n<\/p>\n<p><label><span class=\"wpcf7-form-control-wrap\" data-name=\"sujet\"><input size=\"40\" class=\"wpcf7-form-control wpcf7-text\" aria-invalid=\"false\" placeholder=\"Subject\" value=\"\" type=\"text\" name=\"sujet\" \/><\/span><\/label>\n<\/p>\n<p><label><span class=\"wpcf7-form-control-wrap\" data-name=\"message\"><textarea cols=\"40\" rows=\"10\" class=\"wpcf7-form-control wpcf7-textarea\" aria-invalid=\"false\" placeholder=\"Message\" name=\"message\"><\/textarea><\/span><\/label>\n<\/p>\n<p>[custom_receiver]\n<\/p>\n<p><input class=\"wpcf7-form-control wpcf7-submit has-spinner\" type=\"submit\" value=\"Send\" \/>\n<\/p><div class=\"wpcf7-response-output\" aria-hidden=\"true\"><\/div>\n<\/form>\n<\/div>\n\n<\/div>\n[\/vc_column_text][vc_empty_space height=&#8221;50px&#8221;][\/vc_column][vc_column width=&#8221;1\/4&#8243;][\/vc_column][\/mk_page_section][vc_row][vc_column][vc_raw_js]JTNDc2NyaXB0JTIwdHlwZSUzRCUyMnRleHQlMkZqYXZhc2NyaXB0JTIyJTNFJTBBalF1ZXJ5JTI4JTIyLm1rLWJ1dHRvbiUyMiUyOS5vbiUyOCUyMmNsaWNrJTIyJTJDJTIwZnVuY3Rpb24lMjglMjklN0IlMEElMjAlMjAlMjAlMjBfX2dhVHJhY2tlciUyOCUyN3NlbmQlMjclMkMlMjdldmVudCUyNyUyQyUyN0JvdXRvbkNvbnRhY3QlMjclMkMlMjdDbGljayUyNyUyQyUyN0ElMjBwcm9wb3MlMjclMjklM0IlMEElN0QlMjklMEElM0MlMkZzY3JpcHQlM0U=[\/vc_raw_js][\/vc_column][\/vc_row][vc_row fullwidth=&#8221;true&#8221; el_class=&#8221;borderline&#8221;][vc_column][vc_empty_space][\/vc_column][\/vc_row]\n<\/div>","protected":false},"excerpt":{"rendered":"<p>[mk_page_section bg_image=&#8221;https:\/\/www.gfseguin.ca\/wp-content\/uploads\/2024\/05\/seguin_background.jpg&#8221; bg_color=&#8221;#ffffff&#8221; bg_position=&#8221;center center&#8221; bg_repeat=&#8221;no-repeat&#8221; bg_stretch=&#8221;true&#8221; min_height=&#8221;0&#8243; full_width=&#8221;true&#8221; padding_top=&#8221;0&#8243; padding_bottom=&#8221;0&#8243; sidebar=&#8221;sidebar-1&#8243;][vc_column][vc_column_text css=&#8221;.vc_custom_1715719796051{margin-bottom: 0px !important;padding-top: 80px !important;padding-right: 50px !important;padding-bottom: 80px !important;padding-left: 50px !important;}&#8221;] Claude S\u00e9guin A.V.C. GROUPE FINANCIER S\u00c9GUIN INC YOUR ADVISOR Financial security advisor, insurance and group annuity advisor with Groupe Financier S\u00e9guin inc. and collective savings representative registered with Investia Services Financiers inc. [&hellip;]<\/p>\n","protected":false},"author":9,"featured_media":0,"parent":0,"menu_order":0,"comment_status":"closed","ping_status":"closed","template":"","meta":{"footnotes":""},"_links":{"self":[{"href":"https:\/\/www.gfseguin.ca\/en\/wp-json\/wp\/v2\/pages\/2279"}],"collection":[{"href":"https:\/\/www.gfseguin.ca\/en\/wp-json\/wp\/v2\/pages"}],"about":[{"href":"https:\/\/www.gfseguin.ca\/en\/wp-json\/wp\/v2\/types\/page"}],"author":[{"embeddable":true,"href":"https:\/\/www.gfseguin.ca\/en\/wp-json\/wp\/v2\/users\/9"}],"replies":[{"embeddable":true,"href":"https:\/\/www.gfseguin.ca\/en\/wp-json\/wp\/v2\/comments?post=2279"}],"version-history":[{"count":3,"href":"https:\/\/www.gfseguin.ca\/en\/wp-json\/wp\/v2\/pages\/2279\/revisions"}],"predecessor-version":[{"id":4320,"href":"https:\/\/www.gfseguin.ca\/en\/wp-json\/wp\/v2\/pages\/2279\/revisions\/4320"}],"wp:attachment":[{"href":"https:\/\/www.gfseguin.ca\/en\/wp-json\/wp\/v2\/media?parent=2279"}],"curies":[{"name":"wp","href":"https:\/\/api.w.org\/{rel}","templated":true}]}}