{"id":2314,"date":"2018-05-10T15:01:47","date_gmt":"2018-05-10T15:01:47","guid":{"rendered":"https:\/\/gfseguin-13730204208.futehost.ca\/assurance-hypothecaire\/"},"modified":"2022-07-05T18:59:14","modified_gmt":"2022-07-05T18:59:14","slug":"mortgage-insurance","status":"publish","type":"page","link":"https:\/\/www.gfseguin.ca\/en\/personal-insurances\/living-benefits-insurance\/mortgage-insurance\/","title":{"rendered":"Mortgage insurance"},"content":{"rendered":"<div class=\"wpb-content-wrapper\">[vc_row fullwidth=&#8221;true&#8221;][vc_column][mk_revslider id=&#8221;assurance-hypothecaire-en&#8221;][\/vc_column][\/vc_row][mk_page_section padding_top=&#8221;50&#8243; padding_bottom=&#8221;50&#8243; sidebar=&#8221;sidebar-1&#8243;][vc_column width=&#8221;1\/2&#8243;][vc_column_text css=&#8221;.vc_custom_1582571172462{margin-bottom: 0px !important;}&#8221;]\n<h2>Customized coverage for your mortgage loan<\/h2>\n<p style=\"text-align: justify;\">Because <strong>your mortgage is usually your biggest expense<\/strong>, it\u2019s essential to make sure you can make your monthly payments. Take out coverage for this expense to ensure you don\u2019t end up struggling with massive payments if you can no longer earn a paycheque. \u201cImagine a scenario: You fall and hurt yourself during an outdoor activity, preventing you from working and earning part or all of your income. Can you make your monthly payments? For how long?\u201d<\/p>\n<p style=\"text-align: justify;\">Get your advisor involved to be informed and benefit from advice for your specific needs and situation. You\u2019ll also find out how they can <strong>convert your loan insurance to permanent life insurance.<\/strong><\/p>\n[\/vc_column_text][mk_button dimension=&#8221;flat&#8221; size=&#8221;large&#8221; url=&#8221;\/en\/contact\/&#8221; align=&#8221;center&#8221; margin_bottom=&#8221;0&#8243; margin_right=&#8221;0&#8243; bg_color=&#8221;#0c55a5&#8243; btn_hover_bg=&#8221;#fbe108&#8243; btn_hover_txt_color=&#8221;#0c55a5&#8243;]Discover all of the advantages[\/mk_button][vc_empty_space height=&#8221;35px&#8221; el_class=&#8221;mobileOnly&#8221;][\/vc_column][vc_column width=&#8221;1\/2&#8243;][mk_image src=&#8221;https:\/\/www.gfseguin.ca\/wp-content\/uploads\/2018\/06\/gfh-protegez-vos-prets-570xx570.jpg&#8221; image_size=&#8221;full&#8221; align=&#8221;center&#8221; margin_bottom=&#8221;0&#8243;][\/vc_column][\/mk_page_section][mk_page_section bg_color=&#8221;#0c55a5&#8243; min_height=&#8221;0&#8243; padding_top=&#8221;15&#8243; padding_bottom=&#8221;15&#8243; el_class=&#8221;specialDividerText&#8221; sidebar=&#8221;sidebar-1&#8243;][vc_column][vc_column_text css=&#8221;.vc_custom_1583432637146{margin-bottom: 0px !important;}&#8221;]\n<h2 style=\"text-align: center; color: #fff; margin-bottom: 0px;\">An offer to your advantage<\/h2>\n[\/vc_column_text][\/vc_column][\/mk_page_section][mk_page_section min_height=&#8221;0&#8243; full_width=&#8221;true&#8221; padding_top=&#8221;0&#8243; padding_bottom=&#8221;25&#8243; sidebar=&#8221;sidebar-1&#8243;][vc_column][vc_column_text css=&#8221;.vc_custom_1527186200717{margin-bottom: 0px !important;}&#8221;]\n<div class=\"specialDivider\"><\/div>\n[\/vc_column_text][\/vc_column][\/mk_page_section][mk_page_section padding_top=&#8221;50&#8243; padding_bottom=&#8221;50&#8243; el_class=&#8221;equalHeight tableauCouleur&#8221; sidebar=&#8221;sidebar-1&#8243;][vc_column][vc_column_text css=&#8221;.vc_custom_1583432587703{margin-bottom: 0px !important;}&#8221;]\n<table>\n<thead>\n<tr>\n<th><\/th>\n<th class=\"titre\">Our product<\/th>\n<th class=\"titre\">Products from financial institutions<\/th>\n<\/tr>\n<\/thead>\n<tbody>\n<tr>\n<td class=\"titre\" rowspan=\"4\">Control<\/td>\n<td><strong>YOU<\/strong> can consolidate your loans into one insurance contract.<\/td>\n<td>Every loan requires a different insurance plan.<\/td>\n<\/tr>\n<tr>\n<td><strong>YOU<\/strong> own your contract and <strong>YOU<\/strong> are free to choose your beneficiary.<\/td>\n<td>The lending institution is both the lender and beneficiary of the contract.<\/td>\n<\/tr>\n<tr>\n<td><strong>YOUR<\/strong> beneficiary can use the death benefit without restriction.<\/td>\n<td>In the event of death, the lending institution repays the loan but leaves nothing to your beneficiary.<\/td>\n<\/tr>\n<tr>\n<td><strong>YOU<\/strong> receive the benefit in the event of a disability* or critical illness* to be spent at your discretion.<\/td>\n<td>In case of disability or critical illness, the lender receives the amount, which must be used to repay the loan.<\/td>\n<\/tr>\n<tr>\n<td class=\"titre\" rowspan=\"4\">Freedom to choose<\/td>\n<td><strong>YOU<\/strong> can decide if your insurance amount is fixed or decreasing.<\/td>\n<td>The insurance amount decreases with the loan amount by default.<\/td>\n<\/tr>\n<tr>\n<td><strong>YOU<\/strong> choose the amount of life, disability and critical illness insurance that you want.<\/td>\n<td>The insurance amount it limited to the balance of the loan or monthly payment.<\/td>\n<\/tr>\n<tr>\n<td>YOU have the flexibility to refinance or take out a new loan.<\/td>\n<td>The insurance amount is equal to the loan amount; a new loan requires a new insurance plan.<\/td>\n<\/tr>\n<tr>\n<td><strong>YOU<\/strong> can convert your insurance plan into permanent life insurance, without answering questions about your health condition.<\/td>\n<td>You do not have options for conversion; the lender\u2019s insurance does not offer alternate solutions.<\/td>\n<\/tr>\n<tr>\n<td class=\"titre\" rowspan=\"3\">Guarantees<\/td>\n<td><strong>YOU<\/strong> pay the same premium for the entire term of the loan, even if interest rates increase.<\/td>\n<td>Your premium may increase with your age. Your disability insurance premium may also vary with interest rates.<\/td>\n<\/tr>\n<tr>\n<td><strong>YOU<\/strong> remain insured, even if you switch lending institutions.<\/td>\n<td>Your insurance coverage ends if you change lending institution.<\/td>\n<\/tr>\n<tr>\n<td><strong>YOU<\/strong> are protected in the event of critical illness; the additional coverage applies to 25 critical illnesses.<\/td>\n<td>When the lending institution offers protection with additional coverage, there are usually only 3 illnesses covered.<\/td>\n<\/tr>\n<tr>\n<td class=\"titre\">Peace of mind<\/td>\n<td><strong>YOU<\/strong> benefit from the advice of an insurance specialist who takes your full financial situation into consideration.<\/td>\n<td>You generally receive advice that is limited to the loan insurance and does not take your other financial needs into account.<\/td>\n<\/tr>\n<\/tbody>\n<\/table>\n[\/vc_column_text][\/vc_column][\/mk_page_section][mk_page_section bg_image=&#8221;https:\/\/www.gfseguin.ca\/wp-content\/uploads\/2018\/06\/gfh-assurance-hypothecaire-parallax-1920&#215;850.jpg&#8221; bg_position=&#8221;center center&#8221; bg_repeat=&#8221;no-repeat&#8221; bg_stretch=&#8221;true&#8221; enable_3d=&#8221;true&#8221; padding_top=&#8221;0&#8243; padding_bottom=&#8221;0&#8243; el_class=&#8221;hidden&#8221; sidebar=&#8221;sidebar-1&#8243;][vc_column width=&#8221;1\/4&#8243;][\/vc_column][vc_column width=&#8221;1\/2&#8243; css=&#8221;.vc_custom_1527790706399{padding-top: 50px !important;padding-right: 15px !important;padding-bottom: 50px !important;padding-left: 15px !important;background-color: rgba(255,255,255,0.85) !important;*background-color: rgb(255,255,255) !important;}&#8221;][vc_column_text css=&#8221;.vc_custom_1531506510079{margin-bottom: 0px !important;}&#8221;]\n<h2>Assurance compl\u00e9mentaire<\/h2>\n<p style=\"text-align: justify;\">C&#8217;est une bonne assurance compl\u00e9mentaire \u00e0 l&#8217;assurance salaire. Int\u00e9ressant pour entrepreneurs qui font de gros pr\u00eats. Ut enim ad minim veniam, quis nostrud exercitation ullamco laboris nisi ut aliquip ex ea commodo consequat. Duis aute irure dolor in reprehenderit in voluptate velit esse cillum dolore eu fugiat nulla pariatur. Excepteur sint occaecat cupidatat non proident, sunt in culpa qui officia deserunt mollit anim id est laborum.<\/p>\n<p style=\"text-align: justify;\">Lorem ipsum dolor sit amet, consectetur adipiscing elit, sed do eiusmod tempor incididunt ut labore et dolore magna aliqua. Ut enim ad minim veniam, quis nostrud exercitation ullamco laboris nisi ut aliquip ex ea commodo consequat. Duis aute irure dolor in reprehenderit in voluptate velit esse cillum dolore eu fugiat nulla pariatur. Excepteur sint occaecat cupidatat non proident, sunt in culpa qui officia deserunt mollit anim id est laborum.<\/p>\n[\/vc_column_text][mk_button dimension=&#8221;flat&#8221; size=&#8221;large&#8221; url=&#8221;\/contact\/&#8221; align=&#8221;center&#8221; margin_bottom=&#8221;0&#8243; margin_right=&#8221;0&#8243; bg_color=&#8221;#0c55a5&#8243; btn_hover_bg=&#8221;#fbe108&#8243; btn_hover_txt_color=&#8221;#0c55a5&#8243;]Contactez-moi[\/mk_button][\/vc_column][vc_column width=&#8221;1\/4&#8243;][\/vc_column][\/mk_page_section][vc_row][vc_column][vc_raw_js]JTNDc2NyaXB0JTIwdHlwZSUzRCUyMnRleHQlMkZqYXZhc2NyaXB0JTIyJTNFJTBBalF1ZXJ5JTI4JTIyLm1rLWJ1dHRvbiU1QmhyZWYlMjQlM0QlMjdjb250YWN0JTVDJTJGJTI3JTVEJTIyJTI5Lm9uJTI4JTIyY2xpY2slMjIlMkMlMjBmdW5jdGlvbiUyOCUyOSU3QiUwQSUwOV9fZ2FUcmFja2VyJTI4JTI3c2VuZCUyNyUyQyUyN2V2ZW50JTI3JTJDJTI3Qm91dG9uQ29udGFjdCUyNyUyQyUyN0NsaWNrJTI3JTJDJTI3QXNzdXJhbmNlJTIwSHlwb3RoZWNhaXJlJTI3JTI5JTNCJTBBJTdEJTI5JTBBJTNDJTJGc2NyaXB0JTNF[\/vc_raw_js][\/vc_column][\/vc_row][vc_row fullwidth=&#8221;true&#8221; el_class=&#8221;borderline&#8221;][vc_column][vc_empty_space][\/vc_column][\/vc_row]\n<\/div>","protected":false},"excerpt":{"rendered":"<p>[vc_row fullwidth=&#8221;true&#8221;][vc_column][mk_revslider id=&#8221;assurance-hypothecaire-en&#8221;][\/vc_column][\/vc_row][mk_page_section padding_top=&#8221;50&#8243; padding_bottom=&#8221;50&#8243; sidebar=&#8221;sidebar-1&#8243;][vc_column width=&#8221;1\/2&#8243;][vc_column_text css=&#8221;.vc_custom_1582571172462{margin-bottom: 0px !important;}&#8221;] Customized coverage for your mortgage loan Because your mortgage is usually your biggest expense, it\u2019s essential to make sure you can make your monthly payments. Take out coverage for this expense to ensure you don\u2019t end up struggling with massive payments if you can no [&hellip;]<\/p>\n","protected":false},"author":9,"featured_media":0,"parent":2317,"menu_order":0,"comment_status":"closed","ping_status":"closed","template":"","meta":{"footnotes":""},"_links":{"self":[{"href":"https:\/\/www.gfseguin.ca\/en\/wp-json\/wp\/v2\/pages\/2314"}],"collection":[{"href":"https:\/\/www.gfseguin.ca\/en\/wp-json\/wp\/v2\/pages"}],"about":[{"href":"https:\/\/www.gfseguin.ca\/en\/wp-json\/wp\/v2\/types\/page"}],"author":[{"embeddable":true,"href":"https:\/\/www.gfseguin.ca\/en\/wp-json\/wp\/v2\/users\/9"}],"replies":[{"embeddable":true,"href":"https:\/\/www.gfseguin.ca\/en\/wp-json\/wp\/v2\/comments?post=2314"}],"version-history":[{"count":0,"href":"https:\/\/www.gfseguin.ca\/en\/wp-json\/wp\/v2\/pages\/2314\/revisions"}],"up":[{"embeddable":true,"href":"https:\/\/www.gfseguin.ca\/en\/wp-json\/wp\/v2\/pages\/2317"}],"wp:attachment":[{"href":"https:\/\/www.gfseguin.ca\/en\/wp-json\/wp\/v2\/media?parent=2314"}],"curies":[{"name":"wp","href":"https:\/\/api.w.org\/{rel}","templated":true}]}}